{"id":1380,"date":"2015-05-27T18:46:09","date_gmt":"2015-05-27T18:46:09","guid":{"rendered":"http:\/\/ligacontraelcancer.org\/?page_id=1380\/"},"modified":"2023-09-18T13:21:32","modified_gmt":"2023-09-18T13:21:32","slug":"historia-de-la-liga","status":"publish","type":"page","link":"https:\/\/ligacontraelcancer.org\/es\/historia-de-la-liga\/","title":{"rendered":"La Liga History"},"content":{"rendered":"<p><div class=\"fusion-fullwidth fullwidth-box fusion-builder-row-1 fusion-flex-container nonhundred-percent-fullwidth non-hundred-percent-height-scrolling\" style=\"background-color: #a3a3a3;background-position: center center;background-repeat: no-repeat;border-width: 0px 0px 0px 0px;border-color:#eae9e9;border-style:solid;\" ><div class=\"fusion-builder-row fusion-row fusion-flex-align-items-flex-start\" style=\"max-width:1268.8px;margin-left: calc(-4% \/ 2 );margin-right: calc(-4% \/ 2 );\"><div class=\"fusion-layout-column fusion_builder_column fusion-builder-column-0 fusion_builder_column_1_1 1_1 fusion-flex-column\"><div class=\"fusion-column-wrapper fusion-flex-justify-content-flex-start fusion-content-layout-column\" style=\"background-position:left top;background-repeat:no-repeat;-webkit-background-size:cover;-moz-background-size:cover;-o-background-size:cover;background-size:cover;padding: 0px 0px 0px 0px;\"><div class=\"fusion-video fusion-youtube\" style=\"max-width:600px;max-height:360px;align-self:center; width:100%\"><div class=\"video-shortcode\"><iframe title=\"YouTube video player 1\" src=\"https:\/\/www.youtube.com\/embed\/1Gp8r60mURw?wmode=transparent&autoplay=0\" width=\"600\" height=\"360\" allowfullscreen allow=\"autoplay; fullscreen\"><\/iframe><\/div><\/div><\/div><style type=\"text\/css\">.fusion-body .fusion-builder-column-0{width:100% !important;margin-top : 0px;margin-bottom : 0px;}.fusion-builder-column-0 > .fusion-column-wrapper {padding-top : 0px !important;padding-right : 0px !important;margin-right : 1.92%;padding-bottom : 0px !important;padding-left : 0px !important;margin-left : 1.92%;}@media only screen and (max-width:1024px) {.fusion-body .fusion-builder-column-0{width:100% !important;order : 0;}.fusion-builder-column-0 > .fusion-column-wrapper {margin-right : 1.92%;margin-left : 1.92%;}}@media only screen and (max-width:640px) {.fusion-body .fusion-builder-column-0{width:100% !important;order : 0;}.fusion-builder-column-0 > .fusion-column-wrapper {margin-right : 1.92%;margin-left : 1.92%;}}<\/style><\/div><\/div><style type=\"text\/css\">.fusion-body .fusion-flex-container.fusion-builder-row-1{ padding-top : 15px;margin-top : 0px;padding-right : 0px;padding-bottom : 15px;margin-bottom : 0px;padding-left : 0px;}<\/style><\/div><div class=\"fusion-fullwidth fullwidth-box fusion-builder-row-2 hundred-percent-fullwidth non-hundred-percent-height-scrolling fusion-equal-height-columns\" style=\"background-color: rgba(255,255,255,0);background-position: left top;background-repeat: no-repeat;padding-top:0px;padding-right:0px;padding-bottom:0px;padding-left:0px;margin-bottom: 0px;margin-top: 0px;border-width: 0px 0px 0px 0px;border-color:#eae9e9;border-style:solid;\" ><div class=\"fusion-builder-row fusion-row\"><div class=\"fusion-layout-column fusion_builder_column fusion-builder-column-1 fusion_builder_column_1_2 1_2 fusion-one-half fusion-column-first\" style=\"margin-top:0px;margin-bottom:0px;\"><div class=\"fusion-column-wrapper fusion-flex-column-wrapper-legacy\" style=\"background-position:left top;background-repeat:no-repeat;-webkit-background-size:cover;-moz-background-size:cover;-o-background-size:cover;background-size:cover;background-color:#ececec;padding: 15% 15% 15% 15%;\"><div class=\"fusion-column-content-centered\"><div class=\"fusion-column-content\"><div class=\"fusion-text fusion-text-1\"><h3>Nuestra Historia &#8211; El sue\u00f1o de una mujer\u2026<\/h3>\n<p>La Liga Contra C\u00e1ncer fue fundada en la Florida en el 1975, usando el modelo de una organizaci\u00f3n semejante que empez\u00f3 a tratar enfermos de c\u00e1ncer en el 1925, en la Habana, Cuba. Esa organizaci\u00f3n creci\u00f3 hasta incluir un centro de renombre mundial de oncolog\u00eda y funcion\u00f3 hasta la Revoluci\u00f3n Cubana en el 1959. En Miami el Centro M\u00e9dico de la Liga Contra el C\u00e1ncer sirve como un centro de tratamiento para personas que han sido diagnosticadas con c\u00e1ncer. Una vez que se determina que el paciente califica para los servicios, los pacientes reciben el tratamiento y el seguimiento apropiado completamente gratis. Los servicios son proporcionados en el Centro M\u00e9dico de la Liga, en oficinas privadas de m\u00e9dicos y en hospitales locales, dependiendo de la necesidad del paciente.<\/p>\n<\/div><\/div><\/div><div class=\"fusion-clearfix\"><\/div><\/div><\/div><div class=\"fusion-layout-column fusion_builder_column fusion-builder-column-2 fusion_builder_column_1_2 1_2 fusion-one-half fusion-column-last\" style=\"margin-top:0px;margin-bottom:0px;\"><div class=\"fusion-column-wrapper fusion-flex-column-wrapper-legacy fusion-empty-column-bg-image fusion-empty-dims-bg-image\" style=\"background-image: url(&#039;http:\/\/ligacontraelcancer.org\/wp-content\/uploads\/2015\/05\/lourdes.jpg&#039;);background-position:center center;background-repeat:no-repeat;-webkit-background-size:cover;-moz-background-size:cover;-o-background-size:cover;background-size:cover;padding: 15% 15% 15% 15%;\" data-bg-url=\"http:\/\/ligacontraelcancer.org\/wp-content\/uploads\/2015\/05\/lourdes.jpg\"><div class=\"fusion-column-content-centered\"><div class=\"fusion-column-content\"><img decoding=\"async\" class=\"fusion-empty-dims-img-placeholder fusion-no-large-visibility\" src=\"data:image\/gif;base64,R0lGODlhAQABAAAAACH5BAEKAAEALAAAAAABAAEAAAICTAEAOw==\"><\/div><\/div><div class=\"fusion-clearfix\"><\/div><\/div><\/div><\/div><\/div><div class=\"fusion-fullwidth fullwidth-box fusion-builder-row-3 nonhundred-percent-fullwidth non-hundred-percent-height-scrolling\" style=\"background-color: rgba(255,255,255,0);background-position: left top;background-repeat: no-repeat;padding-top:90px;padding-right:15%;padding-bottom:90px;padding-left:15%;margin-bottom: 0px;margin-top: 0px;border-width: 0px 0px 0px 0px;border-color:#eae9e9;border-style:solid;\" ><div class=\"fusion-builder-row fusion-row\"><div class=\"fusion-layout-column fusion_builder_column fusion-builder-column-3 fusion_builder_column_1_1 1_1 fusion-one-full fusion-column-first fusion-column-last fusion-column-no-min-height\" style=\"margin-top:0px;margin-bottom:0px;\"><div class=\"fusion-column-wrapper fusion-flex-column-wrapper-legacy\" style=\"background-position:left top;background-repeat:no-repeat;-webkit-background-size:cover;-moz-background-size:cover;-o-background-size:cover;background-size:cover;padding: 0px 0px 0px 0px;\"><div class=\"fusion-text fusion-text-2\"><h2 style=\"text-align: center;\">Nuestra misi\u00f3n<\/h2>\n<p>La Liga acepta pacientes, ni\u00f1os y adultos, sin distinci\u00f3n de raza, credo o nacionalidad. La Liga atiende a pacientes que carecen de los medios financieros para cubrir los costos de su tratamiento. Los pacientes deben haber establecido residencia legal en Florida.<\/p>\n<p>La Liga ofrece desde revisi\u00f3n de casos y servicios sociales hasta cirug\u00eda, radioterapia, quimioterapia, servicios de laboratorio y radiolog\u00eda, medicamentos, pr\u00f3tesis, servicios de enfermer\u00eda en el hogar y asistencia de enfermeras, equipo m\u00e9dico en el hogar, transporte y apoyo moral a los pacientes y sus familias.<\/p>\n<p>La LIGA contra el C\u00e1ncer ha tratado durante los \u00faltimos 46 a\u00f1os a m\u00e1s de 70,000 pacientes de m\u00e1s de cincuenta pa\u00edses, llevando un riguroso control estad\u00edstico desde 1982. Desde ese entonces y hasta el 30 de septiembre del 2021, la organizaci\u00f3n ha practicado aproximadamente 27,400 pruebas de Papanicolaou; m\u00e1s de 27,000 mamograf\u00edas, 170,000 ex\u00e1menes de laboratorio, y 2,285 pruebas de pr\u00f3stata; alrededor de 38,000 tratamientos de quimo y radioterapia; 53,000 procedimientos de radiograf\u00eda (incluyendo esc\u00e1ner, ultrasonidos e imagen por resonancia magn\u00e9tica \u201cMRI\u2019s\u201d). Durante el mismo per\u00edodo fueron admitidos cerca de 15,000 pacientes en los hospitales locales para diversos tratamientos.<\/p>\n<\/div><div class=\"fusion-clearfix\"><\/div><\/div><\/div><\/div><\/div><div class=\"fusion-fullwidth fullwidth-box fusion-builder-row-4 hundred-percent-fullwidth non-hundred-percent-height-scrolling fusion-equal-height-columns\" style=\"background-color: rgba(255,255,255,0);background-position: left top;background-repeat: no-repeat;padding-top:0px;padding-right:0px;padding-bottom:0px;padding-left:0px;margin-bottom: 0px;margin-top: 0px;border-width: 0px 0px 0px 0px;border-color:#eae9e9;border-style:solid;\" ><div class=\"fusion-builder-row fusion-row\"><div class=\"fusion-layout-column fusion_builder_column fusion-builder-column-4 fusion_builder_column_1_2 1_2 fusion-one-half fusion-column-first\" style=\"margin-top:0px;margin-bottom:0px;\"><div class=\"fusion-column-wrapper fusion-flex-column-wrapper-legacy fusion-empty-column-bg-image\" style=\"background-image: url(&#039;https:\/\/ligacontraelcancer.org\/wp-content\/uploads\/2022\/11\/73537429-4E08-4F29-AC1F-33036493E00A.jpeg&#039;);background-position:center center;background-repeat:no-repeat;-webkit-background-size:cover;-moz-background-size:cover;-o-background-size:cover;background-size:cover;padding: 15% 15% 15% 15%;\" data-bg-url=\"https:\/\/ligacontraelcancer.org\/wp-content\/uploads\/2022\/11\/73537429-4E08-4F29-AC1F-33036493E00A.jpeg\"><div class=\"fusion-column-content-centered\"><div class=\"fusion-column-content\"><img decoding=\"async\" class=\"fusion-empty-dims-img-placeholder fusion-no-large-visibility\" src=\"data:image\/svg+xml,%3Csvg%20xmlns%3D%27http%3A%2F%2Fwww.w3.org%2F2000%2Fsvg%27%20width%3D%271200%27%20height%3D%271200%27%20viewBox%3D%270%200%201200%201200%27%3E%3Crect%20width%3D%271200%27%20height%3D%271200%27%20fill-opacity%3D%220%22%2F%3E%3C%2Fsvg%3E\"><\/div><\/div><div class=\"fusion-clearfix\"><\/div><\/div><\/div><div class=\"fusion-layout-column fusion_builder_column fusion-builder-column-5 fusion_builder_column_1_2 1_2 fusion-one-half fusion-column-last\" style=\"margin-top:0px;margin-bottom:0px;\"><div class=\"fusion-column-wrapper fusion-flex-column-wrapper-legacy\" style=\"background-position:left top;background-repeat:no-repeat;-webkit-background-size:cover;-moz-background-size:cover;-o-background-size:cover;background-size:cover;background-color:#ececec;padding: 15% 15% 15% 15%;\"><div class=\"fusion-column-content-centered\"><div class=\"fusion-column-content\"><div class=\"fusion-text fusion-text-3\"><h2 style=\"text-align: left;\">Hoy<\/h2>\n<p>Una persona que busca ayuda m\u00e9dica es entrevistada por un trabajador social para determinar la elegibilidad financiera. Un comit\u00e9 de evaluaci\u00f3n revisa cada caso y aprueba cada caso elegible bajo las pautas de la Liga. El paciente luego es examinado por un onc\u00f3logo que hace un diagn\u00f3stico preliminar y deriva a los pacientes a un experto en ese campo espec\u00edfico. El m\u00e9dico, en consulta con sus colegas, prescribe el tratamiento necesario, incluida la cirug\u00eda si es necesario. LIGA, que recibe tarifas especiales de laboratorios y hospitales locales, paga las facturas. M\u00e1s de 100 m\u00e9dicos brindan servicios voluntarios a los pacientes de la Liga. Adem\u00e1s, el personal cuenta con el apoyo de un cuerpo de m\u00e1s de 200 voluntarios a tiempo completo y parcial en el funcionamiento de la cl\u00ednica. La fuerte participaci\u00f3n de los voluntarios mantiene los costos administrativos en aproximadamente el 20% de los costos totales, tres veces menos que en el consultorio de un m\u00e9dico tradicional.<\/p>\n<\/div><\/div><\/div><div class=\"fusion-clearfix\"><\/div><\/div><\/div><\/div><\/div><div class=\"fusion-fullwidth fullwidth-box fusion-builder-row-5 hundred-percent-fullwidth non-hundred-percent-height-scrolling fusion-equal-height-columns\" style=\"background-color: rgba(255,255,255,0);background-position: left top;background-repeat: no-repeat;padding-top:0px;padding-right:0px;padding-bottom:0px;padding-left:0px;margin-bottom: 0px;margin-top: 0px;border-width: 0px 0px 0px 0px;border-color:#eae9e9;border-style:solid;\" ><div class=\"fusion-builder-row fusion-row\"><div class=\"fusion-layout-column fusion_builder_column fusion-builder-column-6 fusion_builder_column_1_2 1_2 fusion-one-half fusion-column-first\" style=\"margin-top:0px;margin-bottom:0px;\"><div class=\"fusion-column-wrapper fusion-flex-column-wrapper-legacy\" style=\"background-position:left top;background-repeat:no-repeat;-webkit-background-size:cover;-moz-background-size:cover;-o-background-size:cover;background-size:cover;background-color:#ececec;padding: 15% 15% 15% 15%;\"><div class=\"fusion-column-content-centered\"><div class=\"fusion-column-content\"><div class=\"fusion-text fusion-text-4\"><p>La principal fuente de ingresos es el telet\u00f3n anual de recaudaci\u00f3n de fondos de LIGA en WSCV, Canal 51, subvenciones estatales y del condado, un Desfile de modas anual para j\u00f3venes (Almuerzo), una Gala festiva y donaciones privadas. Se han salvado muchas vidas, se ha salvado mucho sufrimiento y muchas v\u00edctimas de c\u00e1ncer indigentes han podido morir con un nivel de dignidad generalmente reservado para aquellos que tienen seguro m\u00e9dico o riqueza personal. Nuevo centro dedicado a la memoria de Lourdes Aguila: El viernes 9 de junio de 2000, la Liga contra el C\u00e1ncer (LIGA) celebr\u00f3 la Gran Inauguraci\u00f3n de su nuevo centro que alberga el Centro de Oncolog\u00eda Lourdes P. Aguila y las Oficinas Administrativas. El centro de oncolog\u00eda se dedic\u00f3 a la memoria de Lourdes P. Aguila, fundadora de la Liga Contra el C\u00e1ncer. El nuevo centro de oncolog\u00eda cuenta con numerosas salas de examen y tratamiento de \u00faltima generaci\u00f3n.<\/p>\n<\/div><\/div><\/div><div class=\"fusion-clearfix\"><\/div><\/div><\/div><div class=\"fusion-layout-column fusion_builder_column fusion-builder-column-7 fusion_builder_column_1_2 1_2 fusion-one-half fusion-column-last\" style=\"margin-top:0px;margin-bottom:0px;\"><div class=\"fusion-column-wrapper fusion-flex-column-wrapper-legacy fusion-empty-column-bg-image fusion-empty-dims-bg-image\" style=\"background-image: url(&#039;http:\/\/ligacontraelcancer.org\/wp-content\/uploads\/2015\/05\/telethon-leon.jpg&#039;);background-position:center center;background-repeat:no-repeat;-webkit-background-size:cover;-moz-background-size:cover;-o-background-size:cover;background-size:cover;padding: 15% 15% 15% 15%;\" data-bg-url=\"http:\/\/ligacontraelcancer.org\/wp-content\/uploads\/2015\/05\/telethon-leon.jpg\"><div class=\"fusion-column-content-centered\"><div class=\"fusion-column-content\"><img decoding=\"async\" class=\"fusion-empty-dims-img-placeholder fusion-no-large-visibility\" src=\"data:image\/gif;base64,R0lGODlhAQABAAAAACH5BAEKAAEALAAAAAABAAEAAAICTAEAOw==\"><\/div><\/div><div class=\"fusion-clearfix\"><\/div><\/div><\/div><\/div><\/div><div class=\"fusion-fullwidth fullwidth-box fusion-builder-row-6 nonhundred-percent-fullwidth non-hundred-percent-height-scrolling\" style=\"background-color: rgba(255,255,255,0);background-position: left top;background-repeat: no-repeat;padding-top:90px;padding-right:15%;padding-bottom:90px;padding-left:15%;margin-bottom: 0px;margin-top: 0px;border-width: 0px 0px 0px 0px;border-color:#eae9e9;border-style:solid;\" ><div class=\"fusion-builder-row fusion-row\"><div class=\"fusion-layout-column fusion_builder_column fusion-builder-column-8 fusion_builder_column_1_1 1_1 fusion-one-full fusion-column-first fusion-column-last fusion-column-no-min-height\" style=\"margin-top:0px;margin-bottom:0px;\"><div class=\"fusion-column-wrapper fusion-flex-column-wrapper-legacy\" style=\"background-position:left top;background-repeat:no-repeat;-webkit-background-size:cover;-moz-background-size:cover;-o-background-size:cover;background-size:cover;padding: 0px 0px 0px 0px;\"><div class=\"fusion-text fusion-text-5\"><p>Las principales fuentes de ingresos anuales de la Liga Contra el C\u00e1ncer son el Telemarat\u00f3n \u2013 a trav\u00e9s de Telemundo WSCV Canal 51 y TeleXitos a trav\u00e9s de Comcast, los auxilios estatales y del condado, almuerzo y desfile de modas de j\u00f3venes, Gala navide\u00f1a y donaciones privadas.<\/p>\n<p><strong>Con su apoyo, muchas vidas se han salvado, mucho sufrimiento ha sido evitado, y muchas v\u00edctimas de c\u00e1ncer indigentes han sido capaces de morir con un nivel de dignidad por lo general reservado para aquellos que tienen seguro m\u00e9dico o riqueza monetaria. <\/strong><strong>Gracias.<\/strong><\/p>\n<\/div><div class=\"fusion-clearfix\"><\/div><\/div><\/div><\/div><\/div><\/p>\n","protected":false},"excerpt":{"rendered":"","protected":false},"author":2,"featured_media":0,"parent":0,"menu_order":0,"comment_status":"closed","ping_status":"open","template":"100-width.php","meta":{"footnotes":""},"class_list":["post-1380","page","type-page","status-publish","hentry"],"_links":{"self":[{"href":"https:\/\/ligacontraelcancer.org\/es\/wp-json\/wp\/v2\/pages\/1380","targetHints":{"allow":["GET"]}}],"collection":[{"href":"https:\/\/ligacontraelcancer.org\/es\/wp-json\/wp\/v2\/pages"}],"about":[{"href":"https:\/\/ligacontraelcancer.org\/es\/wp-json\/wp\/v2\/types\/page"}],"author":[{"embeddable":true,"href":"https:\/\/ligacontraelcancer.org\/es\/wp-json\/wp\/v2\/users\/2"}],"replies":[{"embeddable":true,"href":"https:\/\/ligacontraelcancer.org\/es\/wp-json\/wp\/v2\/comments?post=1380"}],"version-history":[{"count":0,"href":"https:\/\/ligacontraelcancer.org\/es\/wp-json\/wp\/v2\/pages\/1380\/revisions"}],"wp:attachment":[{"href":"https:\/\/ligacontraelcancer.org\/es\/wp-json\/wp\/v2\/media?parent=1380"}],"curies":[{"name":"wp","href":"https:\/\/api.w.org\/{rel}","templated":true}]}}