{"id":1389,"date":"2015-05-27T18:46:40","date_gmt":"2015-05-27T18:46:40","guid":{"rendered":"http:\/\/ligacontraelcancer.org\/?page_id=1389\/"},"modified":"2020-08-05T23:12:20","modified_gmt":"2020-08-05T23:12:20","slug":"servicios-de-ayuda-al-paciente","status":"publish","type":"page","link":"https:\/\/ligacontraelcancer.org\/es\/servicios-de-ayuda-al-paciente\/","title":{"rendered":"Servicios de Ayuda al Paciente"},"content":{"rendered":"<div class=\"fusion-fullwidth fullwidth-box fusion-builder-row-1 nonhundred-percent-fullwidth non-hundred-percent-height-scrolling\" style=\"background-color: rgba(255,255,255,0);background-position: left top;background-repeat: no-repeat;padding-top:90px;padding-right:0px;padding-bottom:90px;padding-left:0px;margin-bottom: 0px;margin-top: 0px;border-width: 0px 0px 0px 0px;border-color:#eae9e9;border-style:solid;\" ><div class=\"fusion-builder-row fusion-row\"><div class=\"fusion-layout-column fusion_builder_column fusion-builder-column-0 fusion_builder_column_1_1 1_1 fusion-one-full fusion-column-first fusion-column-last fusion-column-no-min-height\" style=\"margin-top:0px;margin-bottom:0px;\"><div class=\"fusion-column-wrapper fusion-flex-column-wrapper-legacy\" style=\"background-position:left top;background-repeat:no-repeat;-webkit-background-size:cover;-moz-background-size:cover;-o-background-size:cover;background-size:cover;padding: 0px 0px 0px 0px;\"><span class=\" fusion-imageframe imageframe-none imageframe-1 hover-type-zoomin\" style=\"margin-right:25px;float:left;\"><img decoding=\"async\" width=\"700\" height=\"341\" title=\"doctor-support\" src=\"http:\/\/ligacontraelcancer.org\/wp-content\/uploads\/2015\/05\/doctor-support.jpg\" alt class=\"img-responsive wp-image-1838\" srcset=\"https:\/\/ligacontraelcancer.org\/wp-content\/uploads\/2015\/05\/doctor-support-200x97.jpg 200w, https:\/\/ligacontraelcancer.org\/wp-content\/uploads\/2015\/05\/doctor-support-400x195.jpg 400w, https:\/\/ligacontraelcancer.org\/wp-content\/uploads\/2015\/05\/doctor-support-600x292.jpg 600w, https:\/\/ligacontraelcancer.org\/wp-content\/uploads\/2015\/05\/doctor-support.jpg 700w\" sizes=\"(max-width: 800px) 100vw, 700px\" \/><\/span><div class=\"fusion-text fusion-text-1\"><p>&nbsp;<\/p>\n<p>Actualmente, la Liga tiene m\u00e1s de 350 pacientes activos y desde su fundaci\u00f3n, en junio de 1975, ha brindado servicios m\u00e9dicos de alta calidad a m\u00e1s de 65,000 residentes de Florida de bajos ingresos y sin seguro de 51 pa\u00edses.<\/p>\n<p><strong>League Against Cancer se considera una instituci\u00f3n \u00fanica en los Estados Unidos. La Liga cuenta con una red de m\u00e9dicos m\u00e1s que voluntarios y ofrece los siguientes servicios gratuitos:<\/strong><\/p>\n<p>Servicios m\u00e9dicos gratuitos que ofrecemos a la comunidad:<\/p>\n<ul>\n<li>Pruebas de Papanicolau cuatro veces al mes con Dr. Manuel S. Mendizabal<\/li>\n<li>Pruebas de c\u00e1ncer del seno con Dr. Pedro Velez<\/li>\n<li>Ex\u00e1menes de sangre oculta en las heces fecales para detectar c\u00e1ncer de colon.<\/li>\n<li>Cirug\u00eda<\/li>\n<li>Radiaci\u00f3n<\/li>\n<li>Quimioterapia<\/li>\n<li>Radiolog\u00eda y laboratorios<\/li>\n<li>Servicios sociales \/ revisi\u00f3n y evaluaci\u00f3n de casos<\/li>\n<li>Transportaci\u00f3n<\/li>\n<li>Apoyo moral a los pacientes y sus familiares<\/li>\n<li>Asistencia de enfermer\u00eda en el hogar<\/li>\n<li>Seminarios educacionales sobre la prevenci\u00f3n del c\u00e1ncer.<\/li>\n<li>Medicinas, visitas m\u00e9dicas, servicio de hospicio y apoyo psicol\u00f3gico<\/li>\n<\/ul>\n<p><a href=\"https:\/\/ligacontraelcancer.org\/es\/proceso-requisitos-para-la-admision-del-paciente\/\"><strong>Proceso &amp; Requisitos para la admisi\u00f3n del paciente.<\/strong><\/a><\/p>\n<p><strong>Transporte Gratis:<\/strong>\u00a0\u00a1Disponible para todos los pacientes!<\/p>\n<\/div><div class=\"fusion-clearfix\"><\/div><\/div><\/div><\/div><\/div>\n","protected":false},"excerpt":{"rendered":"","protected":false},"author":2,"featured_media":0,"parent":0,"menu_order":0,"comment_status":"closed","ping_status":"open","template":"","meta":{"footnotes":""},"class_list":["post-1389","page","type-page","status-publish","hentry"],"_links":{"self":[{"href":"https:\/\/ligacontraelcancer.org\/es\/wp-json\/wp\/v2\/pages\/1389","targetHints":{"allow":["GET"]}}],"collection":[{"href":"https:\/\/ligacontraelcancer.org\/es\/wp-json\/wp\/v2\/pages"}],"about":[{"href":"https:\/\/ligacontraelcancer.org\/es\/wp-json\/wp\/v2\/types\/page"}],"author":[{"embeddable":true,"href":"https:\/\/ligacontraelcancer.org\/es\/wp-json\/wp\/v2\/users\/2"}],"replies":[{"embeddable":true,"href":"https:\/\/ligacontraelcancer.org\/es\/wp-json\/wp\/v2\/comments?post=1389"}],"version-history":[{"count":0,"href":"https:\/\/ligacontraelcancer.org\/es\/wp-json\/wp\/v2\/pages\/1389\/revisions"}],"wp:attachment":[{"href":"https:\/\/ligacontraelcancer.org\/es\/wp-json\/wp\/v2\/media?parent=1389"}],"curies":[{"name":"wp","href":"https:\/\/api.w.org\/{rel}","templated":true}]}}