{"id":1450,"date":"2017-05-02T01:22:27","date_gmt":"2017-05-02T01:22:27","guid":{"rendered":"http:\/\/ligacontraelcancer.org\/online-donation-form\/"},"modified":"2025-06-13T19:18:47","modified_gmt":"2025-06-13T19:18:47","slug":"haga-su-donacion-hoy","status":"publish","type":"page","link":"https:\/\/ligacontraelcancer.org\/es\/haga-su-donacion-hoy\/","title":{"rendered":"Haga Su Donaci\u00f3n Hoy"},"content":{"rendered":"<div class=\"fusion-fullwidth fullwidth-box fusion-builder-row-1 nonhundred-percent-fullwidth non-hundred-percent-height-scrolling\" style=\"background-color: rgba(255,255,255,0);background-position: left top;background-repeat: no-repeat;padding-top:90px;padding-right:0px;padding-bottom:90px;padding-left:0px;margin-bottom: 0px;margin-top: 0px;border-width: 0px 0px 0px 0px;border-color:#eae9e9;border-style:solid;\" ><div class=\"fusion-builder-row fusion-row\"><div class=\"fusion-layout-column fusion_builder_column fusion-builder-column-0 fusion_builder_column_1_3 1_3 fusion-one-third fusion-column-first fusion-column-no-min-height\" style=\"width:30.6666%; margin-right: 4%;margin-top:0px;margin-bottom:0px;\"><div class=\"fusion-column-wrapper fusion-flex-column-wrapper-legacy\" style=\"background-position:left top;background-repeat:no-repeat;-webkit-background-size:cover;-moz-background-size:cover;-o-background-size:cover;background-size:cover;background-color:#ffffff;padding: 20px 20px 20px 20px;\"><script src=\"https:\/\/donorbox.org\/widget.js\" paypalExpress=\"false\"><\/script> <iframe src=\"https:\/\/donorbox.org\/embed\/liga?\" name=\"donorbox\" allowpaymentrequest=\"allowpaymentrequest\" seamless=\"seamless\" frameborder=\"0\" scrolling=\"no\" height=\"900px\" width=\"100%\" style=\"max-width: 500px; min-width: 250px; max-height:none!important\" allow=\"payment\"><\/iframe><div class=\"fusion-clearfix\"><\/div><\/div><\/div><div class=\"fusion-layout-column fusion_builder_column fusion-builder-column-1 fusion_builder_column_2_3 2_3 fusion-two-third fusion-column-last fusion-column-no-min-height\" style=\"width:65.3333%;margin-top:0px;margin-bottom:0px;\"><div class=\"fusion-column-wrapper fusion-flex-column-wrapper-legacy\" style=\"background-position:left top;background-repeat:no-repeat;-webkit-background-size:cover;-moz-background-size:cover;-o-background-size:cover;background-size:cover;padding: 0px 0px 0px 0px;\"><span class=\" fusion-imageframe imageframe-none imageframe-1 hover-type-zoomin\" style=\"margin-right:25px;float:left;\"><img decoding=\"async\" width=\"700\" height=\"341\" title=\"donate-today\" src=\"http:\/\/ligacontraelcancer.org\/wp-content\/uploads\/2017\/05\/donate-today.jpg\" alt class=\"img-responsive wp-image-1841\" srcset=\"https:\/\/ligacontraelcancer.org\/wp-content\/uploads\/2017\/05\/donate-today-200x97.jpg 200w, https:\/\/ligacontraelcancer.org\/wp-content\/uploads\/2017\/05\/donate-today-400x195.jpg 400w, https:\/\/ligacontraelcancer.org\/wp-content\/uploads\/2017\/05\/donate-today-600x292.jpg 600w, https:\/\/ligacontraelcancer.org\/wp-content\/uploads\/2017\/05\/donate-today.jpg 700w\" sizes=\"(max-width: 800px) 100vw, 700px\" \/><\/span><div class=\"fusion-text fusion-text-1\"><p>La Liga Contra el C\u00e1ncer es una organizaci\u00f3n no lucrativa y depende de donaciones del sector p\u00fablico y privado y de una variedad de actividades para colectar fondos tales como el Telemarat\u00f3n anual, que es su mayor fuente de ingresos. Cada vez que usted hace una donaci\u00f3n anual, un compromiso mensual o participa en nuestros eventos, usted esta formando parte de nuestra misi\u00f3n de salvar vidas y enviar un mensaje de amor y esperanza a las v\u00edctimas de c\u00e1ncer sin recursos.<\/p>\n<h3><strong>Usted puede efectuar su donaci\u00f3n eletr\u00f3nicamente a trav\u00e9s de Paypal con su tarjeta de cr\u00e9dito. Tambi\u00e9n puede hacerla por tel\u00e9fono o por correo.<\/strong><\/h3>\n<h3>1. Haga su donaci\u00f3n aqu\u00ed<\/h3>\n<p>Nuestra forma es 100% segura, y utiliza la tecnolog\u00eda de cifrado m\u00e1s reciente para su seguridad.<\/p>\n<h3>2. Haga su donaci\u00f3n por tel\u00e9fono.<\/h3>\n<p>Para hacer una donaci\u00f3n via telef\u00f3nica, puede llamarnos al:<\/p>\n<p><strong>Miami:<\/strong> 305-856-4914<br \/>\n<strong>Nacional:<\/strong> 1-800-792-3320<\/p>\n<h3>3. Haga su donaci\u00f3n por correo.<\/h3>\n<p>Usted tambi\u00e9n puede enviar su donativo a la siguiente direcci\u00f3n:<\/p>\n<p><strong>Liga Contra el C\u00e1ncer , Inc.<br \/>\n2180 South West 12 Avenue<br \/>\nMiami, Florida 33129<\/strong><\/p>\n<h3>4. Mural In-Memoriam<\/h3>\n<p>El mural In-Memoriam de La Liga Contra el C\u00e1ncer est\u00e1 dedicado mayormente a las personas que murieron v\u00edctimas del c\u00e1ncer. Este es un lugar especial donde usted puede honrar a sus seres queridos que perdieron la batalla en su lucha contra esta desvastadora enfermedad. Las placas en el Mural In-Memoriam son dorada\/negra y miden 10\u201dX 4.5\u201d. El Mural In-Memoriam se encuentra en la Liga Contra el C\u00e1ncer, 2180 S.W. 12 Avenida, Miami, Florida 33129. Si desea mayor informaci\u00f3n sobre la donaci\u00f3n de esta placa, por favor, llame a la Liga Contra el C\u00e1ncer.<\/p>\n<\/div><div class=\"fusion-clearfix\"><\/div><\/div><\/div><\/div><\/div>\n","protected":false},"excerpt":{"rendered":"","protected":false},"author":2,"featured_media":0,"parent":0,"menu_order":0,"comment_status":"closed","ping_status":"closed","template":"","meta":{"footnotes":""},"class_list":["post-1450","page","type-page","status-publish","hentry"],"_links":{"self":[{"href":"https:\/\/ligacontraelcancer.org\/es\/wp-json\/wp\/v2\/pages\/1450","targetHints":{"allow":["GET"]}}],"collection":[{"href":"https:\/\/ligacontraelcancer.org\/es\/wp-json\/wp\/v2\/pages"}],"about":[{"href":"https:\/\/ligacontraelcancer.org\/es\/wp-json\/wp\/v2\/types\/page"}],"author":[{"embeddable":true,"href":"https:\/\/ligacontraelcancer.org\/es\/wp-json\/wp\/v2\/users\/2"}],"replies":[{"embeddable":true,"href":"https:\/\/ligacontraelcancer.org\/es\/wp-json\/wp\/v2\/comments?post=1450"}],"version-history":[{"count":0,"href":"https:\/\/ligacontraelcancer.org\/es\/wp-json\/wp\/v2\/pages\/1450\/revisions"}],"wp:attachment":[{"href":"https:\/\/ligacontraelcancer.org\/es\/wp-json\/wp\/v2\/media?parent=1450"}],"curies":[{"name":"wp","href":"https:\/\/api.w.org\/{rel}","templated":true}]}}